{"id":3363,"date":"2023-09-27T10:57:18","date_gmt":"2023-09-27T07:57:18","guid":{"rendered":"https:\/\/jurmalagolf.com\/special-offers\/rita-putnins-kreslas-cena\/"},"modified":"2025-05-13T09:32:11","modified_gmt":"2025-05-13T06:32:11","slug":"svetdienas_otrdienas_piedavajums","status":"publish","type":"product","link":"https:\/\/jurmalagolf.com\/lv\/special-offers\/svetdienas_otrdienas_piedavajums\/","title":{"rendered":"Sv\u0113tdienas &#8211; Otrdienas pied\u0101v\u0101jums"},"content":{"rendered":"<p><strong>Speci\u0101la cena Latvijas golfa feder\u0101cijas HCP sist\u0113m\u0101 re\u0123istr\u0113tiem sp\u0113l\u0113t\u0101jiem.<\/strong><\/p>\n<p>Cena no <strong>sv\u0113tdienas plkst. 15:00 l\u012bdz otrdienas plkst. 12:00<\/strong> (iz\u0146emot sv\u0113tku dienas) 18 bedr\u012b\u0161u sp\u0113le Jurmala golfa laukum\u0101 &#8211; <strong>45EUR<br \/>\n<\/strong><\/p>\n<p>&nbsp;<\/p>\n","protected":false},"excerpt":{"rendered":"<p>Sv\u0113tdienas &#8211; otrdienas pied\u0101v\u0101jums Latvijas golfa feder\u0101cijas HCP sist\u0113m\u0101 re\u0123istr\u0113tiem sp\u0113l\u0113t\u0101jiem!<\/p>\n","protected":false},"featured_media":2468,"template":"","meta":{"inline_featured_image":false},"product_brand":[],"product_cat":[94],"product_tag":[],"class_list":{"0":"post-3363","1":"product","2":"type-product","3":"status-publish","4":"has-post-thumbnail","6":"product_cat-uncategorized-lv","8":"first","9":"instock","10":"virtual","11":"taxable","12":"purchasable","13":"product-type-simple"},"yoast_head":"<!-- This site is optimized with the Yoast SEO plugin v27.5 - https:\/\/yoast.com\/product\/yoast-seo-wordpress\/ -->\n<title>Sv\u0113tdienas - Otrdienas pied\u0101v\u0101jums - Jurmala Golf Club &amp; Hotel<\/title>\n<meta name=\"robots\" content=\"index, follow, max-snippet:-1, max-image-preview:large, max-video-preview:-1\" \/>\n<link rel=\"canonical\" href=\"https:\/\/jurmalagolf.com\/lv\/special-offers\/svetdienas_otrdienas_piedavajums\/\" \/>\n<meta property=\"og:locale\" content=\"lv_LV\" \/>\n<meta property=\"og:type\" content=\"article\" \/>\n<meta property=\"og:title\" content=\"Sv\u0113tdienas - Otrdienas pied\u0101v\u0101jums - Jurmala Golf Club &amp; Hotel\" \/>\n<meta property=\"og:description\" content=\"Sv\u0113tdienas - otrdienas pied\u0101v\u0101jums Latvijas golfa feder\u0101cijas HCP sist\u0113m\u0101 re\u0123istr\u0113tiem sp\u0113l\u0113t\u0101jiem!\" \/>\n<meta property=\"og:url\" content=\"https:\/\/jurmalagolf.com\/lv\/special-offers\/svetdienas_otrdienas_piedavajums\/\" \/>\n<meta property=\"og:site_name\" content=\"Jurmala Golf Club &amp; Hotel\" \/>\n<meta property=\"article:modified_time\" content=\"2025-05-13T06:32:11+00:00\" \/>\n<meta property=\"og:image\" content=\"https:\/\/jurmalagolf.com\/wp-content\/uploads\/2023\/08\/Foto-Martins-Plume-64.webp\" \/>\n\t<meta property=\"og:image:width\" content=\"1600\" \/>\n\t<meta property=\"og:image:height\" content=\"1067\" \/>\n\t<meta property=\"og:image:type\" content=\"image\/webp\" \/>\n<meta name=\"twitter:card\" content=\"summary_large_image\" \/>\n<meta name=\"twitter:label1\" content=\"Est. reading time\" \/>\n\t<meta name=\"twitter:data1\" content=\"1 minute\" \/>\n<script type=\"application\/ld+json\" class=\"yoast-schema-graph\">{\"@context\":\"https:\\\/\\\/schema.org\",\"@graph\":[{\"@type\":\"WebPage\",\"@id\":\"https:\\\/\\\/jurmalagolf.com\\\/lv\\\/special-offers\\\/svetdienas_otrdienas_piedavajums\\\/\",\"url\":\"https:\\\/\\\/jurmalagolf.com\\\/lv\\\/special-offers\\\/svetdienas_otrdienas_piedavajums\\\/\",\"name\":\"Sv\u0113tdienas - Otrdienas pied\u0101v\u0101jums - Jurmala Golf Club &amp; Hotel\",\"isPartOf\":{\"@id\":\"https:\\\/\\\/jurmalagolf.com\\\/lv\\\/#website\"},\"primaryImageOfPage\":{\"@id\":\"https:\\\/\\\/jurmalagolf.com\\\/lv\\\/special-offers\\\/svetdienas_otrdienas_piedavajums\\\/#primaryimage\"},\"image\":{\"@id\":\"https:\\\/\\\/jurmalagolf.com\\\/lv\\\/special-offers\\\/svetdienas_otrdienas_piedavajums\\\/#primaryimage\"},\"thumbnailUrl\":\"https:\\\/\\\/jurmalagolf.com\\\/wp-content\\\/uploads\\\/2023\\\/08\\\/Foto-Martins-Plume-64.webp\",\"datePublished\":\"2023-09-27T07:57:18+00:00\",\"dateModified\":\"2025-05-13T06:32:11+00:00\",\"breadcrumb\":{\"@id\":\"https:\\\/\\\/jurmalagolf.com\\\/lv\\\/special-offers\\\/svetdienas_otrdienas_piedavajums\\\/#breadcrumb\"},\"inLanguage\":\"lv-LV\",\"potentialAction\":[{\"@type\":\"ReadAction\",\"target\":[\"https:\\\/\\\/jurmalagolf.com\\\/lv\\\/special-offers\\\/svetdienas_otrdienas_piedavajums\\\/\"]}]},{\"@type\":\"ImageObject\",\"inLanguage\":\"lv-LV\",\"@id\":\"https:\\\/\\\/jurmalagolf.com\\\/lv\\\/special-offers\\\/svetdienas_otrdienas_piedavajums\\\/#primaryimage\",\"url\":\"https:\\\/\\\/jurmalagolf.com\\\/wp-content\\\/uploads\\\/2023\\\/08\\\/Foto-Martins-Plume-64.webp\",\"contentUrl\":\"https:\\\/\\\/jurmalagolf.com\\\/wp-content\\\/uploads\\\/2023\\\/08\\\/Foto-Martins-Plume-64.webp\",\"width\":1600,\"height\":1067},{\"@type\":\"BreadcrumbList\",\"@id\":\"https:\\\/\\\/jurmalagolf.com\\\/lv\\\/special-offers\\\/svetdienas_otrdienas_piedavajums\\\/#breadcrumb\",\"itemListElement\":[{\"@type\":\"ListItem\",\"position\":1,\"name\":\"Home\",\"item\":\"https:\\\/\\\/jurmalagolf.com\\\/lv\\\/\"},{\"@type\":\"ListItem\",\"position\":2,\"name\":\"Products\",\"item\":\"https:\\\/\\\/jurmalagolf.com\\\/lv\\\/shop\\\/\"},{\"@type\":\"ListItem\",\"position\":3,\"name\":\"Sv\u0113tdienas &#8211; Otrdienas pied\u0101v\u0101jums\"}]},{\"@type\":\"WebSite\",\"@id\":\"https:\\\/\\\/jurmalagolf.com\\\/lv\\\/#website\",\"url\":\"https:\\\/\\\/jurmalagolf.com\\\/lv\\\/\",\"name\":\"Jurmala Golf Club &amp; Hotel\",\"description\":\"\",\"publisher\":{\"@id\":\"https:\\\/\\\/jurmalagolf.com\\\/lv\\\/#organization\"},\"potentialAction\":[{\"@type\":\"SearchAction\",\"target\":{\"@type\":\"EntryPoint\",\"urlTemplate\":\"https:\\\/\\\/jurmalagolf.com\\\/lv\\\/?s={search_term_string}\"},\"query-input\":{\"@type\":\"PropertyValueSpecification\",\"valueRequired\":true,\"valueName\":\"search_term_string\"}}],\"inLanguage\":\"lv-LV\"},{\"@type\":\"Organization\",\"@id\":\"https:\\\/\\\/jurmalagolf.com\\\/lv\\\/#organization\",\"name\":\"Jurmala Golf Club &amp; Hotel\",\"url\":\"https:\\\/\\\/jurmalagolf.com\\\/lv\\\/\",\"logo\":{\"@type\":\"ImageObject\",\"inLanguage\":\"lv-LV\",\"@id\":\"https:\\\/\\\/jurmalagolf.com\\\/lv\\\/#\\\/schema\\\/logo\\\/image\\\/\",\"url\":\"https:\\\/\\\/jurmalagolf.com\\\/wp-content\\\/uploads\\\/2023\\\/07\\\/JGCH_logo_gold-copy.png\",\"contentUrl\":\"https:\\\/\\\/jurmalagolf.com\\\/wp-content\\\/uploads\\\/2023\\\/07\\\/JGCH_logo_gold-copy.png\",\"width\":2095,\"height\":953,\"caption\":\"Jurmala Golf Club &amp; Hotel\"},\"image\":{\"@id\":\"https:\\\/\\\/jurmalagolf.com\\\/lv\\\/#\\\/schema\\\/logo\\\/image\\\/\"}}]}<\/script>\n<!-- \/ Yoast SEO plugin. -->","yoast_head_json":{"title":"Sv\u0113tdienas - Otrdienas pied\u0101v\u0101jums - Jurmala Golf Club &amp; Hotel","robots":{"index":"index","follow":"follow","max-snippet":"max-snippet:-1","max-image-preview":"max-image-preview:large","max-video-preview":"max-video-preview:-1"},"canonical":"https:\/\/jurmalagolf.com\/lv\/special-offers\/svetdienas_otrdienas_piedavajums\/","og_locale":"lv_LV","og_type":"article","og_title":"Sv\u0113tdienas - Otrdienas pied\u0101v\u0101jums - Jurmala Golf Club &amp; Hotel","og_description":"Sv\u0113tdienas - otrdienas pied\u0101v\u0101jums Latvijas golfa feder\u0101cijas HCP sist\u0113m\u0101 re\u0123istr\u0113tiem sp\u0113l\u0113t\u0101jiem!","og_url":"https:\/\/jurmalagolf.com\/lv\/special-offers\/svetdienas_otrdienas_piedavajums\/","og_site_name":"Jurmala Golf Club &amp; Hotel","article_modified_time":"2025-05-13T06:32:11+00:00","og_image":[{"width":1600,"height":1067,"url":"https:\/\/jurmalagolf.com\/wp-content\/uploads\/2023\/08\/Foto-Martins-Plume-64.webp","type":"image\/webp"}],"twitter_card":"summary_large_image","twitter_misc":{"Est. reading time":"1 minute"},"schema":{"@context":"https:\/\/schema.org","@graph":[{"@type":"WebPage","@id":"https:\/\/jurmalagolf.com\/lv\/special-offers\/svetdienas_otrdienas_piedavajums\/","url":"https:\/\/jurmalagolf.com\/lv\/special-offers\/svetdienas_otrdienas_piedavajums\/","name":"Sv\u0113tdienas - Otrdienas pied\u0101v\u0101jums - Jurmala Golf Club &amp; Hotel","isPartOf":{"@id":"https:\/\/jurmalagolf.com\/lv\/#website"},"primaryImageOfPage":{"@id":"https:\/\/jurmalagolf.com\/lv\/special-offers\/svetdienas_otrdienas_piedavajums\/#primaryimage"},"image":{"@id":"https:\/\/jurmalagolf.com\/lv\/special-offers\/svetdienas_otrdienas_piedavajums\/#primaryimage"},"thumbnailUrl":"https:\/\/jurmalagolf.com\/wp-content\/uploads\/2023\/08\/Foto-Martins-Plume-64.webp","datePublished":"2023-09-27T07:57:18+00:00","dateModified":"2025-05-13T06:32:11+00:00","breadcrumb":{"@id":"https:\/\/jurmalagolf.com\/lv\/special-offers\/svetdienas_otrdienas_piedavajums\/#breadcrumb"},"inLanguage":"lv-LV","potentialAction":[{"@type":"ReadAction","target":["https:\/\/jurmalagolf.com\/lv\/special-offers\/svetdienas_otrdienas_piedavajums\/"]}]},{"@type":"ImageObject","inLanguage":"lv-LV","@id":"https:\/\/jurmalagolf.com\/lv\/special-offers\/svetdienas_otrdienas_piedavajums\/#primaryimage","url":"https:\/\/jurmalagolf.com\/wp-content\/uploads\/2023\/08\/Foto-Martins-Plume-64.webp","contentUrl":"https:\/\/jurmalagolf.com\/wp-content\/uploads\/2023\/08\/Foto-Martins-Plume-64.webp","width":1600,"height":1067},{"@type":"BreadcrumbList","@id":"https:\/\/jurmalagolf.com\/lv\/special-offers\/svetdienas_otrdienas_piedavajums\/#breadcrumb","itemListElement":[{"@type":"ListItem","position":1,"name":"Home","item":"https:\/\/jurmalagolf.com\/lv\/"},{"@type":"ListItem","position":2,"name":"Products","item":"https:\/\/jurmalagolf.com\/lv\/shop\/"},{"@type":"ListItem","position":3,"name":"Sv\u0113tdienas &#8211; Otrdienas pied\u0101v\u0101jums"}]},{"@type":"WebSite","@id":"https:\/\/jurmalagolf.com\/lv\/#website","url":"https:\/\/jurmalagolf.com\/lv\/","name":"Jurmala Golf Club &amp; Hotel","description":"","publisher":{"@id":"https:\/\/jurmalagolf.com\/lv\/#organization"},"potentialAction":[{"@type":"SearchAction","target":{"@type":"EntryPoint","urlTemplate":"https:\/\/jurmalagolf.com\/lv\/?s={search_term_string}"},"query-input":{"@type":"PropertyValueSpecification","valueRequired":true,"valueName":"search_term_string"}}],"inLanguage":"lv-LV"},{"@type":"Organization","@id":"https:\/\/jurmalagolf.com\/lv\/#organization","name":"Jurmala Golf Club &amp; Hotel","url":"https:\/\/jurmalagolf.com\/lv\/","logo":{"@type":"ImageObject","inLanguage":"lv-LV","@id":"https:\/\/jurmalagolf.com\/lv\/#\/schema\/logo\/image\/","url":"https:\/\/jurmalagolf.com\/wp-content\/uploads\/2023\/07\/JGCH_logo_gold-copy.png","contentUrl":"https:\/\/jurmalagolf.com\/wp-content\/uploads\/2023\/07\/JGCH_logo_gold-copy.png","width":2095,"height":953,"caption":"Jurmala Golf Club &amp; Hotel"},"image":{"@id":"https:\/\/jurmalagolf.com\/lv\/#\/schema\/logo\/image\/"}}]}},"_links":{"self":[{"href":"https:\/\/jurmalagolf.com\/lv\/wp-json\/wp\/v2\/product\/3363","targetHints":{"allow":["GET"]}}],"collection":[{"href":"https:\/\/jurmalagolf.com\/lv\/wp-json\/wp\/v2\/product"}],"about":[{"href":"https:\/\/jurmalagolf.com\/lv\/wp-json\/wp\/v2\/types\/product"}],"version-history":[{"count":8,"href":"https:\/\/jurmalagolf.com\/lv\/wp-json\/wp\/v2\/product\/3363\/revisions"}],"predecessor-version":[{"id":4891,"href":"https:\/\/jurmalagolf.com\/lv\/wp-json\/wp\/v2\/product\/3363\/revisions\/4891"}],"wp:featuredmedia":[{"embeddable":true,"href":"https:\/\/jurmalagolf.com\/lv\/wp-json\/wp\/v2\/media\/2468"}],"wp:attachment":[{"href":"https:\/\/jurmalagolf.com\/lv\/wp-json\/wp\/v2\/media?parent=3363"}],"wp:term":[{"taxonomy":"product_brand","embeddable":true,"href":"https:\/\/jurmalagolf.com\/lv\/wp-json\/wp\/v2\/product_brand?post=3363"},{"taxonomy":"product_cat","embeddable":true,"href":"https:\/\/jurmalagolf.com\/lv\/wp-json\/wp\/v2\/product_cat?post=3363"},{"taxonomy":"product_tag","embeddable":true,"href":"https:\/\/jurmalagolf.com\/lv\/wp-json\/wp\/v2\/product_tag?post=3363"}],"curies":[{"name":"wp","href":"https:\/\/api.w.org\/{rel}","templated":true}]}}