{"id":3342,"date":"2023-09-27T10:51:32","date_gmt":"2023-09-27T07:51:32","guid":{"rendered":"https:\/\/jurmalagolf.com\/product\/jauniesu-akademija\/"},"modified":"2025-05-27T19:07:37","modified_gmt":"2025-05-27T16:07:37","slug":"jauniesu-akademija","status":"publish","type":"product","link":"https:\/\/jurmalagolf.com\/lv\/special-offers\/jauniesu-akademija\/","title":{"rendered":"Jaunie\u0161u akad\u0113mija"},"content":{"rendered":"\t\t<div data-elementor-type=\"product-post\" data-elementor-id=\"3342\" class=\"elementor elementor-3342 elementor-3240\" data-elementor-post-type=\"product\">\n\t\t\t\t<div class=\"elementor-element elementor-element-c5c6149 e-flex e-con-boxed e-con e-parent\" data-id=\"c5c6149\" data-element_type=\"container\" data-e-type=\"container\">\n\t\t\t\t\t<div class=\"e-con-inner\">\n\t\t\t\t<div class=\"elementor-element elementor-element-e6ac806 elementor-widget elementor-widget-heading\" data-id=\"e6ac806\" data-element_type=\"widget\" data-e-type=\"widget\" data-widget_type=\"heading.default\">\n\t\t\t\t<div class=\"elementor-widget-container\">\n\t\t\t\t\t<h2 class=\"elementor-heading-title elementor-size-default\">Golfs ir viens no popul\u0101r\u0101kajiem sporta veidiem pasaul\u0113. Tas:<\/h2>\t\t\t\t<\/div>\n\t\t\t\t<\/div>\n\t\t\t\t\t<\/div>\n\t\t\t\t<\/div>\n\t\t<div class=\"elementor-element elementor-element-13b34ee e-flex e-con-boxed e-con e-parent\" data-id=\"13b34ee\" data-element_type=\"container\" data-e-type=\"container\">\n\t\t\t\t\t<div class=\"e-con-inner\">\n\t\t\t\t<div class=\"elementor-element elementor-element-632dab5 elementor-widget elementor-widget-text-editor\" data-id=\"632dab5\" data-element_type=\"widget\" data-e-type=\"widget\" data-widget_type=\"text-editor.default\">\n\t\t\t\t<div class=\"elementor-widget-container\">\n\t\t\t\t\t\t\t\t\t<ul><li><span style=\"color: #000000;\">Uzlabo koordin\u0101ciju;<\/span><\/li><li><span style=\"color: #000000;\">Sekm\u0113 visp\u0101r\u0113jo fizisko att\u012bst\u012bbu;<\/span><\/li><li><span style=\"color: #000000;\">Att\u012bsta paciet\u012bbu un sp\u0113ju koncentr\u0113ties;<\/span><\/li><li><span style=\"color: #000000;\">M\u0101ca b\u016bt god\u012bgam un orient\u0113tam uz m\u0113r\u0137i;<\/span><\/li><\/ul><ul><li><span style=\"color: #000000;\">Nodarb\u012bbas no apr\u012b\u013ca l\u012bdz oktobrim;<\/span><\/li><li><span style=\"color: #000000;\">Uz vecumu, prasm\u0113m un pieredzi balst\u012btama<\/span><\/li><li><span style=\"color: #000000;\">Pamatzin\u0101\u0161anu un nodarb\u012bbu program iema\u0146u att\u012bst\u012b\u0161ana golf\u0101 tiem, kam nav pieredzes. Pilnveido\u0161an\u0101s pieredz\u0113ju\u0161iem jaunajiem golfa sp\u0113l\u0113t\u0101jiem;<\/span><\/li><li><span style=\"color: #000000;\">Iesp\u0113ja sa\u0146emt &#8220;za\u013co karti&#8221;;<\/span><\/li><li><span style=\"color: #000000;\">Gatavo\u0161an\u0101s Latvijas un starptautiskajiem golfa turn\u012briem;<\/span><\/li><li><span style=\"color: #000000;\">Treni\u0146u vieta pieejamaa visu gadu.<\/span><\/li><\/ul><p class=\"cvGsUA direction-ltr align-center para-style-body\"><span style=\"color: #000000;\"><strong><span class=\"OYPEnA text-decoration-none text-strikethrough-none\">GALVENAIS TRENERIS: D\u0100VIS PUKSTS (+371 26305092)<\/span><\/strong><\/span><\/p><p class=\"cvGsUA direction-ltr align-center para-style-body\"><span style=\"color: #000000;\"><strong><span class=\"OYPEnA text-decoration-none text-strikethrough-none\">TRENERA PAL\u012aGS: KATR\u012aNA GUSTAFSSONE<\/span><\/strong><\/span><\/p><p><span style=\"color: #000000;\">Ja pirmais maks\u0101jums tiek veikts ne m\u0113ne\u0161a pirmaj\u0101 datum\u0101, abonementa maksa tiek r\u0113\u0137in\u0101 proporcion\u0101li nodarb\u012bb\u0101m taj\u0101 m\u0113nes\u012b.<\/span><\/p><p>\u00a0<\/p>\t\t\t\t\t\t\t\t<\/div>\n\t\t\t\t<\/div>\n\t\t\t\t<div class=\"elementor-element elementor-element-9e963b0 elementor-widget elementor-widget-text-editor\" data-id=\"9e963b0\" data-element_type=\"widget\" data-e-type=\"widget\" data-widget_type=\"text-editor.default\">\n\t\t\t\t<div class=\"elementor-widget-container\">\n\t\t\t\t\t\t\t\t\t<table width=\"604\"><tbody><tr><td rowspan=\"2\" width=\"179\"><p>\u00a0<\/p><\/td><td colspan=\"2\" width=\"265\"><p><strong>M\u0113ne\u0161a abonements<\/strong><\/p><\/td><td rowspan=\"2\" width=\"160\"><p><strong>Viena nodarb\u012bba<\/strong><\/p><\/td><\/tr><tr><td width=\"132\"><p><strong>2 nodarb\u012bbas ned\u0113\u013c\u0101 (60 min)<\/strong><\/p><\/td><td width=\"132\"><p><strong>3 nodarb\u012bbas ned\u0113\u013c\u0101 (90 min)<\/strong><\/p><\/td><\/tr><tr><td width=\"179\"><p><strong>Cena<\/strong><\/p><\/td><td width=\"132\"><p>100,00 EUR*<\/p><\/td><td width=\"132\"><p>150,00 EUR*<\/p><\/td><td width=\"160\"><p>20,00 EUR<\/p><\/td><\/tr><tr><td width=\"179\"><p><strong>JA nodarb\u012bbas<\/strong><\/p><\/td><td colspan=\"2\" width=\"265\"><p>Iek\u013cautas<\/p><\/td><td width=\"160\"><p>Iek\u013cautas<\/p><\/td><\/tr><tr><td width=\"179\"><p><strong>Treni\u0146laukuma bumbas<\/strong><\/p><\/td><td colspan=\"2\" width=\"265\"><p>100 bumbas dien\u0101<\/p><\/td><td width=\"160\"><p>Pilna cena<\/p><\/td><\/tr><tr><td width=\"179\"><p><strong>Golfa rati\u0146i<\/strong><\/p><\/td><td colspan=\"2\" width=\"265\"><p>Pilna cena<\/p><\/td><td width=\"160\"><p>Pilna cena<\/p><\/td><\/tr><tr><td width=\"179\"><p><strong>AC<\/strong><\/p><\/td><td colspan=\"2\" width=\"265\"><p>Iek\u013cauts<\/p><\/td><td width=\"160\"><p>Pilna cena<\/p><\/td><\/tr><tr><td width=\"179\"><p><strong>JC<\/strong><\/p><\/td><td colspan=\"2\" width=\"265\"><p>Iek\u013cauts<\/p><\/td><td width=\"160\"><p>Pilna cena<\/p><\/td><\/tr><tr><td width=\"179\"><p><strong>Somu glab\u0101tuve<\/strong><\/p><\/td><td colspan=\"2\" width=\"265\"><p>50% vai 50,00 EUR m\u0113nes\u012b<\/p><\/td><td width=\"160\"><p>Pilna cena<\/p><\/td><\/tr><\/tbody><\/table><p>\u00a0<\/p>\t\t\t\t\t\t\t\t<\/div>\n\t\t\t\t<\/div>\n\t\t\t\t\t<\/div>\n\t\t\t\t<\/div>\n\t\t\t\t<\/div>\n\t\t","protected":false},"excerpt":{"rendered":"<p>Iepaz\u012bstiniet jaunie\u0161us ar golfa pasauli &#8211; sporta veidu, kas veicina fizisko un gar\u012bgo izaugsmi. M\u016bsu akad\u0113mija ir ide\u0101ls s\u0101kumpunkts jaunajiem entuziastiem &#8211; no individu\u0101l\u0101m nodarb\u012bb\u0101m l\u012bdz sagatavo\u0161anai turn\u012briem.<\/p>\n","protected":false},"featured_media":2436,"template":"","meta":{"inline_featured_image":false},"product_brand":[],"product_cat":[94],"product_tag":[],"class_list":{"0":"post-3342","1":"product","2":"type-product","3":"status-publish","4":"has-post-thumbnail","6":"product_cat-uncategorized-lv","8":"first","9":"instock","10":"taxable","11":"shipping-taxable","12":"purchasable","13":"product-type-variable"},"yoast_head":"<!-- This site is optimized with the Yoast SEO plugin v27.5 - https:\/\/yoast.com\/product\/yoast-seo-wordpress\/ -->\n<title>Jaunie\u0161u akad\u0113mija - Jurmala Golf Club &amp; Hotel<\/title>\n<meta name=\"robots\" content=\"index, follow, max-snippet:-1, max-image-preview:large, max-video-preview:-1\" \/>\n<link rel=\"canonical\" href=\"https:\/\/jurmalagolf.com\/lv\/special-offers\/jauniesu-akademija\/\" \/>\n<meta property=\"og:locale\" content=\"lv_LV\" \/>\n<meta property=\"og:type\" content=\"article\" \/>\n<meta property=\"og:title\" content=\"Jaunie\u0161u akad\u0113mija - Jurmala Golf Club &amp; Hotel\" \/>\n<meta property=\"og:description\" content=\"Iepaz\u012bstiniet jaunie\u0161us ar golfa pasauli - sporta veidu, kas veicina fizisko un gar\u012bgo izaugsmi. M\u016bsu akad\u0113mija ir ide\u0101ls s\u0101kumpunkts jaunajiem entuziastiem - no individu\u0101l\u0101m nodarb\u012bb\u0101m l\u012bdz sagatavo\u0161anai turn\u012briem.\" \/>\n<meta property=\"og:url\" content=\"https:\/\/jurmalagolf.com\/lv\/special-offers\/jauniesu-akademija\/\" \/>\n<meta property=\"og:site_name\" content=\"Jurmala Golf Club &amp; Hotel\" \/>\n<meta property=\"article:modified_time\" content=\"2025-05-27T16:07:37+00:00\" \/>\n<meta property=\"og:image\" content=\"https:\/\/jurmalagolf.com\/wp-content\/uploads\/2023\/08\/D3_5492.webp\" \/>\n\t<meta property=\"og:image:width\" content=\"1920\" \/>\n\t<meta property=\"og:image:height\" content=\"1280\" \/>\n\t<meta property=\"og:image:type\" content=\"image\/webp\" \/>\n<meta name=\"twitter:card\" content=\"summary_large_image\" \/>\n<script type=\"application\/ld+json\" class=\"yoast-schema-graph\">{\"@context\":\"https:\\\/\\\/schema.org\",\"@graph\":[{\"@type\":\"WebPage\",\"@id\":\"https:\\\/\\\/jurmalagolf.com\\\/lv\\\/special-offers\\\/jauniesu-akademija\\\/\",\"url\":\"https:\\\/\\\/jurmalagolf.com\\\/lv\\\/special-offers\\\/jauniesu-akademija\\\/\",\"name\":\"Jaunie\u0161u akad\u0113mija - Jurmala Golf Club &amp; Hotel\",\"isPartOf\":{\"@id\":\"https:\\\/\\\/jurmalagolf.com\\\/lv\\\/#website\"},\"primaryImageOfPage\":{\"@id\":\"https:\\\/\\\/jurmalagolf.com\\\/lv\\\/special-offers\\\/jauniesu-akademija\\\/#primaryimage\"},\"image\":{\"@id\":\"https:\\\/\\\/jurmalagolf.com\\\/lv\\\/special-offers\\\/jauniesu-akademija\\\/#primaryimage\"},\"thumbnailUrl\":\"https:\\\/\\\/jurmalagolf.com\\\/wp-content\\\/uploads\\\/2023\\\/08\\\/D3_5492.webp\",\"datePublished\":\"2023-09-27T07:51:32+00:00\",\"dateModified\":\"2025-05-27T16:07:37+00:00\",\"breadcrumb\":{\"@id\":\"https:\\\/\\\/jurmalagolf.com\\\/lv\\\/special-offers\\\/jauniesu-akademija\\\/#breadcrumb\"},\"inLanguage\":\"lv-LV\",\"potentialAction\":[{\"@type\":\"ReadAction\",\"target\":[\"https:\\\/\\\/jurmalagolf.com\\\/lv\\\/special-offers\\\/jauniesu-akademija\\\/\"]}]},{\"@type\":\"ImageObject\",\"inLanguage\":\"lv-LV\",\"@id\":\"https:\\\/\\\/jurmalagolf.com\\\/lv\\\/special-offers\\\/jauniesu-akademija\\\/#primaryimage\",\"url\":\"https:\\\/\\\/jurmalagolf.com\\\/wp-content\\\/uploads\\\/2023\\\/08\\\/D3_5492.webp\",\"contentUrl\":\"https:\\\/\\\/jurmalagolf.com\\\/wp-content\\\/uploads\\\/2023\\\/08\\\/D3_5492.webp\",\"width\":1920,\"height\":1280},{\"@type\":\"BreadcrumbList\",\"@id\":\"https:\\\/\\\/jurmalagolf.com\\\/lv\\\/special-offers\\\/jauniesu-akademija\\\/#breadcrumb\",\"itemListElement\":[{\"@type\":\"ListItem\",\"position\":1,\"name\":\"Home\",\"item\":\"https:\\\/\\\/jurmalagolf.com\\\/lv\\\/\"},{\"@type\":\"ListItem\",\"position\":2,\"name\":\"Products\",\"item\":\"https:\\\/\\\/jurmalagolf.com\\\/lv\\\/shop\\\/\"},{\"@type\":\"ListItem\",\"position\":3,\"name\":\"Jaunie\u0161u akad\u0113mija\"}]},{\"@type\":\"WebSite\",\"@id\":\"https:\\\/\\\/jurmalagolf.com\\\/lv\\\/#website\",\"url\":\"https:\\\/\\\/jurmalagolf.com\\\/lv\\\/\",\"name\":\"Jurmala Golf Club &amp; Hotel\",\"description\":\"\",\"publisher\":{\"@id\":\"https:\\\/\\\/jurmalagolf.com\\\/lv\\\/#organization\"},\"potentialAction\":[{\"@type\":\"SearchAction\",\"target\":{\"@type\":\"EntryPoint\",\"urlTemplate\":\"https:\\\/\\\/jurmalagolf.com\\\/lv\\\/?s={search_term_string}\"},\"query-input\":{\"@type\":\"PropertyValueSpecification\",\"valueRequired\":true,\"valueName\":\"search_term_string\"}}],\"inLanguage\":\"lv-LV\"},{\"@type\":\"Organization\",\"@id\":\"https:\\\/\\\/jurmalagolf.com\\\/lv\\\/#organization\",\"name\":\"Jurmala Golf Club &amp; Hotel\",\"url\":\"https:\\\/\\\/jurmalagolf.com\\\/lv\\\/\",\"logo\":{\"@type\":\"ImageObject\",\"inLanguage\":\"lv-LV\",\"@id\":\"https:\\\/\\\/jurmalagolf.com\\\/lv\\\/#\\\/schema\\\/logo\\\/image\\\/\",\"url\":\"https:\\\/\\\/jurmalagolf.com\\\/wp-content\\\/uploads\\\/2023\\\/07\\\/JGCH_logo_gold-copy.png\",\"contentUrl\":\"https:\\\/\\\/jurmalagolf.com\\\/wp-content\\\/uploads\\\/2023\\\/07\\\/JGCH_logo_gold-copy.png\",\"width\":2095,\"height\":953,\"caption\":\"Jurmala Golf Club &amp; Hotel\"},\"image\":{\"@id\":\"https:\\\/\\\/jurmalagolf.com\\\/lv\\\/#\\\/schema\\\/logo\\\/image\\\/\"}}]}<\/script>\n<!-- \/ Yoast SEO plugin. -->","yoast_head_json":{"title":"Jaunie\u0161u akad\u0113mija - Jurmala Golf Club &amp; Hotel","robots":{"index":"index","follow":"follow","max-snippet":"max-snippet:-1","max-image-preview":"max-image-preview:large","max-video-preview":"max-video-preview:-1"},"canonical":"https:\/\/jurmalagolf.com\/lv\/special-offers\/jauniesu-akademija\/","og_locale":"lv_LV","og_type":"article","og_title":"Jaunie\u0161u akad\u0113mija - Jurmala Golf Club &amp; Hotel","og_description":"Iepaz\u012bstiniet jaunie\u0161us ar golfa pasauli - sporta veidu, kas veicina fizisko un gar\u012bgo izaugsmi. M\u016bsu akad\u0113mija ir ide\u0101ls s\u0101kumpunkts jaunajiem entuziastiem - no individu\u0101l\u0101m nodarb\u012bb\u0101m l\u012bdz sagatavo\u0161anai turn\u012briem.","og_url":"https:\/\/jurmalagolf.com\/lv\/special-offers\/jauniesu-akademija\/","og_site_name":"Jurmala Golf Club &amp; Hotel","article_modified_time":"2025-05-27T16:07:37+00:00","og_image":[{"width":1920,"height":1280,"url":"https:\/\/jurmalagolf.com\/wp-content\/uploads\/2023\/08\/D3_5492.webp","type":"image\/webp"}],"twitter_card":"summary_large_image","schema":{"@context":"https:\/\/schema.org","@graph":[{"@type":"WebPage","@id":"https:\/\/jurmalagolf.com\/lv\/special-offers\/jauniesu-akademija\/","url":"https:\/\/jurmalagolf.com\/lv\/special-offers\/jauniesu-akademija\/","name":"Jaunie\u0161u akad\u0113mija - Jurmala Golf Club &amp; Hotel","isPartOf":{"@id":"https:\/\/jurmalagolf.com\/lv\/#website"},"primaryImageOfPage":{"@id":"https:\/\/jurmalagolf.com\/lv\/special-offers\/jauniesu-akademija\/#primaryimage"},"image":{"@id":"https:\/\/jurmalagolf.com\/lv\/special-offers\/jauniesu-akademija\/#primaryimage"},"thumbnailUrl":"https:\/\/jurmalagolf.com\/wp-content\/uploads\/2023\/08\/D3_5492.webp","datePublished":"2023-09-27T07:51:32+00:00","dateModified":"2025-05-27T16:07:37+00:00","breadcrumb":{"@id":"https:\/\/jurmalagolf.com\/lv\/special-offers\/jauniesu-akademija\/#breadcrumb"},"inLanguage":"lv-LV","potentialAction":[{"@type":"ReadAction","target":["https:\/\/jurmalagolf.com\/lv\/special-offers\/jauniesu-akademija\/"]}]},{"@type":"ImageObject","inLanguage":"lv-LV","@id":"https:\/\/jurmalagolf.com\/lv\/special-offers\/jauniesu-akademija\/#primaryimage","url":"https:\/\/jurmalagolf.com\/wp-content\/uploads\/2023\/08\/D3_5492.webp","contentUrl":"https:\/\/jurmalagolf.com\/wp-content\/uploads\/2023\/08\/D3_5492.webp","width":1920,"height":1280},{"@type":"BreadcrumbList","@id":"https:\/\/jurmalagolf.com\/lv\/special-offers\/jauniesu-akademija\/#breadcrumb","itemListElement":[{"@type":"ListItem","position":1,"name":"Home","item":"https:\/\/jurmalagolf.com\/lv\/"},{"@type":"ListItem","position":2,"name":"Products","item":"https:\/\/jurmalagolf.com\/lv\/shop\/"},{"@type":"ListItem","position":3,"name":"Jaunie\u0161u akad\u0113mija"}]},{"@type":"WebSite","@id":"https:\/\/jurmalagolf.com\/lv\/#website","url":"https:\/\/jurmalagolf.com\/lv\/","name":"Jurmala Golf Club &amp; Hotel","description":"","publisher":{"@id":"https:\/\/jurmalagolf.com\/lv\/#organization"},"potentialAction":[{"@type":"SearchAction","target":{"@type":"EntryPoint","urlTemplate":"https:\/\/jurmalagolf.com\/lv\/?s={search_term_string}"},"query-input":{"@type":"PropertyValueSpecification","valueRequired":true,"valueName":"search_term_string"}}],"inLanguage":"lv-LV"},{"@type":"Organization","@id":"https:\/\/jurmalagolf.com\/lv\/#organization","name":"Jurmala Golf Club &amp; Hotel","url":"https:\/\/jurmalagolf.com\/lv\/","logo":{"@type":"ImageObject","inLanguage":"lv-LV","@id":"https:\/\/jurmalagolf.com\/lv\/#\/schema\/logo\/image\/","url":"https:\/\/jurmalagolf.com\/wp-content\/uploads\/2023\/07\/JGCH_logo_gold-copy.png","contentUrl":"https:\/\/jurmalagolf.com\/wp-content\/uploads\/2023\/07\/JGCH_logo_gold-copy.png","width":2095,"height":953,"caption":"Jurmala Golf Club &amp; Hotel"},"image":{"@id":"https:\/\/jurmalagolf.com\/lv\/#\/schema\/logo\/image\/"}}]}},"_links":{"self":[{"href":"https:\/\/jurmalagolf.com\/lv\/wp-json\/wp\/v2\/product\/3342","targetHints":{"allow":["GET"]}}],"collection":[{"href":"https:\/\/jurmalagolf.com\/lv\/wp-json\/wp\/v2\/product"}],"about":[{"href":"https:\/\/jurmalagolf.com\/lv\/wp-json\/wp\/v2\/types\/product"}],"version-history":[{"count":17,"href":"https:\/\/jurmalagolf.com\/lv\/wp-json\/wp\/v2\/product\/3342\/revisions"}],"predecessor-version":[{"id":6149,"href":"https:\/\/jurmalagolf.com\/lv\/wp-json\/wp\/v2\/product\/3342\/revisions\/6149"}],"wp:featuredmedia":[{"embeddable":true,"href":"https:\/\/jurmalagolf.com\/lv\/wp-json\/wp\/v2\/media\/2436"}],"wp:attachment":[{"href":"https:\/\/jurmalagolf.com\/lv\/wp-json\/wp\/v2\/media?parent=3342"}],"wp:term":[{"taxonomy":"product_brand","embeddable":true,"href":"https:\/\/jurmalagolf.com\/lv\/wp-json\/wp\/v2\/product_brand?post=3342"},{"taxonomy":"product_cat","embeddable":true,"href":"https:\/\/jurmalagolf.com\/lv\/wp-json\/wp\/v2\/product_cat?post=3342"},{"taxonomy":"product_tag","embeddable":true,"href":"https:\/\/jurmalagolf.com\/lv\/wp-json\/wp\/v2\/product_tag?post=3342"}],"curies":[{"name":"wp","href":"https:\/\/api.w.org\/{rel}","templated":true}]}}