{"id":3334,"date":"2023-09-27T10:54:06","date_gmt":"2023-09-27T07:54:06","guid":{"rendered":"https:\/\/jurmalagolf.com\/product\/kaiminu-dienas\/"},"modified":"2024-08-17T12:12:40","modified_gmt":"2024-08-17T09:12:40","slug":"neighbor-days","status":"publish","type":"product","link":"https:\/\/jurmalagolf.com\/lv\/special-offers\/neighbor-days\/","title":{"rendered":"Kaimi\u0146u dienas"},"content":{"rendered":"\t\t<div data-elementor-type=\"product-post\" data-elementor-id=\"3334\" class=\"elementor elementor-3334 elementor-3244\" data-elementor-post-type=\"product\">\n\t\t\t\t<div class=\"elementor-element elementor-element-6f23353 e-flex e-con-boxed e-con e-parent\" data-id=\"6f23353\" data-element_type=\"container\" data-e-type=\"container\">\n\t\t\t\t\t<div class=\"e-con-inner\">\n\t\t\t\t<div class=\"elementor-element elementor-element-4e52363 elementor-widget elementor-widget-text-editor\" data-id=\"4e52363\" data-element_type=\"widget\" data-e-type=\"widget\" data-widget_type=\"text-editor.default\">\n\t\t\t\t<div class=\"elementor-widget-container\">\n\t\t\t\t\t\t\t\t\t<p style=\"text-align: center;\"><span style=\"color: #000000;\"><strong>Speci\u0101lais pied\u0101v\u0101jums m\u016bsu kaimi\u0146u \u2013 Lietuvas un Igaunijas sp\u0113l\u0113t\u0101jiem!<\/strong> \ud83c\uddf1\ud83c\uddf9\ud83c\uddea\ud83c\uddea<\/span><\/p><p style=\"text-align: left;\"><span style=\"color: #000000;\">Pievienojies mums Kaimi\u0146u dien\u0101s<strong> visu ned\u0113\u013cu<\/strong> par speci\u0101lo cenu 18 bedr\u012bt\u0113m \u2013 <strong>70 Eiro.<\/strong><\/span><\/p><p style=\"text-align: left;\"><span style=\"color: #000000;\">Izbaudiet draugu un citu sp\u0113l\u0113t\u0101ju sabiedr\u012bbu pie mums par \u012bpa\u0161o cenu.<\/span><\/p><p style=\"text-align: center;\"><strong><span style=\"color: #000000;\">Uz tik\u0161anos golfa laukum\u0101!<\/span><\/strong><\/p>\t\t\t\t\t\t\t\t<\/div>\n\t\t\t\t<\/div>\n\t\t\t\t\t<\/div>\n\t\t\t\t<\/div>\n\t\t\t\t<\/div>\n\t\t","protected":false},"excerpt":{"rendered":"<p>M\u016bsu Lietuvas un Igaunijas sp\u0113l\u0113t\u0101ji: pievienojieties mums Kaimi\u0146u dien\u0101s no visas ned\u0113\u013cas garum\u0101. Izbaudiet golfa sp\u0113l\u0113t\u0101ju sabiedr\u012bbu un izbaudiet \u012bpa\u0161o cenu. Svinam m\u016bsu golfa sp\u0113l\u0113t\u0101ju sabiedr\u012bbu &#8211; vienu v\u0113zienu p\u0113c otra.<\/p>\n","protected":false},"featured_media":2470,"template":"","meta":{"inline_featured_image":false},"product_brand":[],"product_cat":[94],"product_tag":[],"class_list":{"0":"post-3334","1":"product","2":"type-product","3":"status-publish","4":"has-post-thumbnail","6":"product_cat-uncategorized-lv","8":"first","9":"instock","10":"virtual","11":"taxable","12":"purchasable","13":"product-type-simple"},"yoast_head":"<!-- This site is optimized with the Yoast SEO plugin v27.5 - https:\/\/yoast.com\/product\/yoast-seo-wordpress\/ -->\n<title>Kaimi\u0146u dienas - Jurmala Golf Club &amp; Hotel<\/title>\n<meta name=\"robots\" content=\"index, follow, max-snippet:-1, max-image-preview:large, max-video-preview:-1\" \/>\n<link rel=\"canonical\" href=\"https:\/\/jurmalagolf.com\/lv\/special-offers\/neighbor-days\/\" \/>\n<meta property=\"og:locale\" content=\"lv_LV\" \/>\n<meta property=\"og:type\" content=\"article\" \/>\n<meta property=\"og:title\" content=\"Kaimi\u0146u dienas - Jurmala Golf Club &amp; Hotel\" \/>\n<meta property=\"og:description\" content=\"M\u016bsu Lietuvas un Igaunijas sp\u0113l\u0113t\u0101ji: pievienojieties mums Kaimi\u0146u dien\u0101s no visas ned\u0113\u013cas garum\u0101. Izbaudiet golfa sp\u0113l\u0113t\u0101ju sabiedr\u012bbu un izbaudiet \u012bpa\u0161o cenu. Svinam m\u016bsu golfa sp\u0113l\u0113t\u0101ju sabiedr\u012bbu - vienu v\u0113zienu p\u0113c otra.\" \/>\n<meta property=\"og:url\" content=\"https:\/\/jurmalagolf.com\/lv\/special-offers\/neighbor-days\/\" \/>\n<meta property=\"og:site_name\" content=\"Jurmala Golf Club &amp; Hotel\" \/>\n<meta property=\"article:modified_time\" content=\"2024-08-17T09:12:40+00:00\" \/>\n<meta property=\"og:image\" content=\"https:\/\/jurmalagolf.com\/wp-content\/uploads\/2023\/08\/Foto-Martins-Plume-171.webp\" \/>\n\t<meta property=\"og:image:width\" content=\"1600\" \/>\n\t<meta property=\"og:image:height\" content=\"1067\" \/>\n\t<meta property=\"og:image:type\" content=\"image\/webp\" \/>\n<meta name=\"twitter:card\" content=\"summary_large_image\" \/>\n<script type=\"application\/ld+json\" class=\"yoast-schema-graph\">{\"@context\":\"https:\\\/\\\/schema.org\",\"@graph\":[{\"@type\":\"WebPage\",\"@id\":\"https:\\\/\\\/jurmalagolf.com\\\/lv\\\/special-offers\\\/neighbor-days\\\/\",\"url\":\"https:\\\/\\\/jurmalagolf.com\\\/lv\\\/special-offers\\\/neighbor-days\\\/\",\"name\":\"Kaimi\u0146u dienas - Jurmala Golf Club &amp; Hotel\",\"isPartOf\":{\"@id\":\"https:\\\/\\\/jurmalagolf.com\\\/lv\\\/#website\"},\"primaryImageOfPage\":{\"@id\":\"https:\\\/\\\/jurmalagolf.com\\\/lv\\\/special-offers\\\/neighbor-days\\\/#primaryimage\"},\"image\":{\"@id\":\"https:\\\/\\\/jurmalagolf.com\\\/lv\\\/special-offers\\\/neighbor-days\\\/#primaryimage\"},\"thumbnailUrl\":\"https:\\\/\\\/jurmalagolf.com\\\/wp-content\\\/uploads\\\/2023\\\/08\\\/Foto-Martins-Plume-171.webp\",\"datePublished\":\"2023-09-27T07:54:06+00:00\",\"dateModified\":\"2024-08-17T09:12:40+00:00\",\"breadcrumb\":{\"@id\":\"https:\\\/\\\/jurmalagolf.com\\\/lv\\\/special-offers\\\/neighbor-days\\\/#breadcrumb\"},\"inLanguage\":\"lv-LV\",\"potentialAction\":[{\"@type\":\"ReadAction\",\"target\":[\"https:\\\/\\\/jurmalagolf.com\\\/lv\\\/special-offers\\\/neighbor-days\\\/\"]}]},{\"@type\":\"ImageObject\",\"inLanguage\":\"lv-LV\",\"@id\":\"https:\\\/\\\/jurmalagolf.com\\\/lv\\\/special-offers\\\/neighbor-days\\\/#primaryimage\",\"url\":\"https:\\\/\\\/jurmalagolf.com\\\/wp-content\\\/uploads\\\/2023\\\/08\\\/Foto-Martins-Plume-171.webp\",\"contentUrl\":\"https:\\\/\\\/jurmalagolf.com\\\/wp-content\\\/uploads\\\/2023\\\/08\\\/Foto-Martins-Plume-171.webp\",\"width\":1600,\"height\":1067},{\"@type\":\"BreadcrumbList\",\"@id\":\"https:\\\/\\\/jurmalagolf.com\\\/lv\\\/special-offers\\\/neighbor-days\\\/#breadcrumb\",\"itemListElement\":[{\"@type\":\"ListItem\",\"position\":1,\"name\":\"Home\",\"item\":\"https:\\\/\\\/jurmalagolf.com\\\/lv\\\/\"},{\"@type\":\"ListItem\",\"position\":2,\"name\":\"Products\",\"item\":\"https:\\\/\\\/jurmalagolf.com\\\/lv\\\/shop\\\/\"},{\"@type\":\"ListItem\",\"position\":3,\"name\":\"Kaimi\u0146u dienas\"}]},{\"@type\":\"WebSite\",\"@id\":\"https:\\\/\\\/jurmalagolf.com\\\/lv\\\/#website\",\"url\":\"https:\\\/\\\/jurmalagolf.com\\\/lv\\\/\",\"name\":\"Jurmala Golf Club &amp; Hotel\",\"description\":\"\",\"publisher\":{\"@id\":\"https:\\\/\\\/jurmalagolf.com\\\/lv\\\/#organization\"},\"potentialAction\":[{\"@type\":\"SearchAction\",\"target\":{\"@type\":\"EntryPoint\",\"urlTemplate\":\"https:\\\/\\\/jurmalagolf.com\\\/lv\\\/?s={search_term_string}\"},\"query-input\":{\"@type\":\"PropertyValueSpecification\",\"valueRequired\":true,\"valueName\":\"search_term_string\"}}],\"inLanguage\":\"lv-LV\"},{\"@type\":\"Organization\",\"@id\":\"https:\\\/\\\/jurmalagolf.com\\\/lv\\\/#organization\",\"name\":\"Jurmala Golf Club &amp; Hotel\",\"url\":\"https:\\\/\\\/jurmalagolf.com\\\/lv\\\/\",\"logo\":{\"@type\":\"ImageObject\",\"inLanguage\":\"lv-LV\",\"@id\":\"https:\\\/\\\/jurmalagolf.com\\\/lv\\\/#\\\/schema\\\/logo\\\/image\\\/\",\"url\":\"https:\\\/\\\/jurmalagolf.com\\\/wp-content\\\/uploads\\\/2023\\\/07\\\/JGCH_logo_gold-copy.png\",\"contentUrl\":\"https:\\\/\\\/jurmalagolf.com\\\/wp-content\\\/uploads\\\/2023\\\/07\\\/JGCH_logo_gold-copy.png\",\"width\":2095,\"height\":953,\"caption\":\"Jurmala Golf Club &amp; Hotel\"},\"image\":{\"@id\":\"https:\\\/\\\/jurmalagolf.com\\\/lv\\\/#\\\/schema\\\/logo\\\/image\\\/\"}}]}<\/script>\n<!-- \/ Yoast SEO plugin. -->","yoast_head_json":{"title":"Kaimi\u0146u dienas - Jurmala Golf Club &amp; Hotel","robots":{"index":"index","follow":"follow","max-snippet":"max-snippet:-1","max-image-preview":"max-image-preview:large","max-video-preview":"max-video-preview:-1"},"canonical":"https:\/\/jurmalagolf.com\/lv\/special-offers\/neighbor-days\/","og_locale":"lv_LV","og_type":"article","og_title":"Kaimi\u0146u dienas - Jurmala Golf Club &amp; Hotel","og_description":"M\u016bsu Lietuvas un Igaunijas sp\u0113l\u0113t\u0101ji: pievienojieties mums Kaimi\u0146u dien\u0101s no visas ned\u0113\u013cas garum\u0101. Izbaudiet golfa sp\u0113l\u0113t\u0101ju sabiedr\u012bbu un izbaudiet \u012bpa\u0161o cenu. Svinam m\u016bsu golfa sp\u0113l\u0113t\u0101ju sabiedr\u012bbu - vienu v\u0113zienu p\u0113c otra.","og_url":"https:\/\/jurmalagolf.com\/lv\/special-offers\/neighbor-days\/","og_site_name":"Jurmala Golf Club &amp; Hotel","article_modified_time":"2024-08-17T09:12:40+00:00","og_image":[{"width":1600,"height":1067,"url":"https:\/\/jurmalagolf.com\/wp-content\/uploads\/2023\/08\/Foto-Martins-Plume-171.webp","type":"image\/webp"}],"twitter_card":"summary_large_image","schema":{"@context":"https:\/\/schema.org","@graph":[{"@type":"WebPage","@id":"https:\/\/jurmalagolf.com\/lv\/special-offers\/neighbor-days\/","url":"https:\/\/jurmalagolf.com\/lv\/special-offers\/neighbor-days\/","name":"Kaimi\u0146u dienas - Jurmala Golf Club &amp; Hotel","isPartOf":{"@id":"https:\/\/jurmalagolf.com\/lv\/#website"},"primaryImageOfPage":{"@id":"https:\/\/jurmalagolf.com\/lv\/special-offers\/neighbor-days\/#primaryimage"},"image":{"@id":"https:\/\/jurmalagolf.com\/lv\/special-offers\/neighbor-days\/#primaryimage"},"thumbnailUrl":"https:\/\/jurmalagolf.com\/wp-content\/uploads\/2023\/08\/Foto-Martins-Plume-171.webp","datePublished":"2023-09-27T07:54:06+00:00","dateModified":"2024-08-17T09:12:40+00:00","breadcrumb":{"@id":"https:\/\/jurmalagolf.com\/lv\/special-offers\/neighbor-days\/#breadcrumb"},"inLanguage":"lv-LV","potentialAction":[{"@type":"ReadAction","target":["https:\/\/jurmalagolf.com\/lv\/special-offers\/neighbor-days\/"]}]},{"@type":"ImageObject","inLanguage":"lv-LV","@id":"https:\/\/jurmalagolf.com\/lv\/special-offers\/neighbor-days\/#primaryimage","url":"https:\/\/jurmalagolf.com\/wp-content\/uploads\/2023\/08\/Foto-Martins-Plume-171.webp","contentUrl":"https:\/\/jurmalagolf.com\/wp-content\/uploads\/2023\/08\/Foto-Martins-Plume-171.webp","width":1600,"height":1067},{"@type":"BreadcrumbList","@id":"https:\/\/jurmalagolf.com\/lv\/special-offers\/neighbor-days\/#breadcrumb","itemListElement":[{"@type":"ListItem","position":1,"name":"Home","item":"https:\/\/jurmalagolf.com\/lv\/"},{"@type":"ListItem","position":2,"name":"Products","item":"https:\/\/jurmalagolf.com\/lv\/shop\/"},{"@type":"ListItem","position":3,"name":"Kaimi\u0146u dienas"}]},{"@type":"WebSite","@id":"https:\/\/jurmalagolf.com\/lv\/#website","url":"https:\/\/jurmalagolf.com\/lv\/","name":"Jurmala Golf Club &amp; Hotel","description":"","publisher":{"@id":"https:\/\/jurmalagolf.com\/lv\/#organization"},"potentialAction":[{"@type":"SearchAction","target":{"@type":"EntryPoint","urlTemplate":"https:\/\/jurmalagolf.com\/lv\/?s={search_term_string}"},"query-input":{"@type":"PropertyValueSpecification","valueRequired":true,"valueName":"search_term_string"}}],"inLanguage":"lv-LV"},{"@type":"Organization","@id":"https:\/\/jurmalagolf.com\/lv\/#organization","name":"Jurmala Golf Club &amp; Hotel","url":"https:\/\/jurmalagolf.com\/lv\/","logo":{"@type":"ImageObject","inLanguage":"lv-LV","@id":"https:\/\/jurmalagolf.com\/lv\/#\/schema\/logo\/image\/","url":"https:\/\/jurmalagolf.com\/wp-content\/uploads\/2023\/07\/JGCH_logo_gold-copy.png","contentUrl":"https:\/\/jurmalagolf.com\/wp-content\/uploads\/2023\/07\/JGCH_logo_gold-copy.png","width":2095,"height":953,"caption":"Jurmala Golf Club &amp; Hotel"},"image":{"@id":"https:\/\/jurmalagolf.com\/lv\/#\/schema\/logo\/image\/"}}]}},"_links":{"self":[{"href":"https:\/\/jurmalagolf.com\/lv\/wp-json\/wp\/v2\/product\/3334","targetHints":{"allow":["GET"]}}],"collection":[{"href":"https:\/\/jurmalagolf.com\/lv\/wp-json\/wp\/v2\/product"}],"about":[{"href":"https:\/\/jurmalagolf.com\/lv\/wp-json\/wp\/v2\/types\/product"}],"version-history":[{"count":9,"href":"https:\/\/jurmalagolf.com\/lv\/wp-json\/wp\/v2\/product\/3334\/revisions"}],"predecessor-version":[{"id":5294,"href":"https:\/\/jurmalagolf.com\/lv\/wp-json\/wp\/v2\/product\/3334\/revisions\/5294"}],"wp:featuredmedia":[{"embeddable":true,"href":"https:\/\/jurmalagolf.com\/lv\/wp-json\/wp\/v2\/media\/2470"}],"wp:attachment":[{"href":"https:\/\/jurmalagolf.com\/lv\/wp-json\/wp\/v2\/media?parent=3334"}],"wp:term":[{"taxonomy":"product_brand","embeddable":true,"href":"https:\/\/jurmalagolf.com\/lv\/wp-json\/wp\/v2\/product_brand?post=3334"},{"taxonomy":"product_cat","embeddable":true,"href":"https:\/\/jurmalagolf.com\/lv\/wp-json\/wp\/v2\/product_cat?post=3334"},{"taxonomy":"product_tag","embeddable":true,"href":"https:\/\/jurmalagolf.com\/lv\/wp-json\/wp\/v2\/product_tag?post=3334"}],"curies":[{"name":"wp","href":"https:\/\/api.w.org\/{rel}","templated":true}]}}