{"id":3327,"date":"2023-09-27T10:58:25","date_gmt":"2023-09-27T07:58:25","guid":{"rendered":"https:\/\/jurmalagolf.com\/product\/10-spelu-karte\/"},"modified":"2023-09-27T12:21:42","modified_gmt":"2023-09-27T09:21:42","slug":"10-spelu-karte","status":"publish","type":"product","link":"https:\/\/jurmalagolf.com\/lv\/special-offers\/10-spelu-karte\/","title":{"rendered":"10 sp\u0113\u013cu karte"},"content":{"rendered":"","protected":false},"excerpt":{"rendered":"<p>10 raundi m\u016bsu galvenaj\u0101 laukum\u0101, k\u0101 ar\u012b 50 bumbi\u0146as. Golfa sp\u0113l\u0113t\u0101ja sap\u0146u dar\u012bjums, kas nodro\u0161ina labu sp\u0113li par nelielu samaksu.<\/p>\n","protected":false},"featured_media":2467,"template":"","meta":{"inline_featured_image":false},"product_brand":[],"product_cat":[94],"product_tag":[],"class_list":{"0":"post-3327","1":"product","2":"type-product","3":"status-publish","4":"has-post-thumbnail","6":"product_cat-uncategorized-lv","8":"first","9":"instock","10":"virtual","11":"taxable","12":"purchasable","13":"product-type-simple"},"yoast_head":"<!-- This site is optimized with the Yoast SEO plugin v27.5 - https:\/\/yoast.com\/product\/yoast-seo-wordpress\/ -->\n<title>10 sp\u0113\u013cu karte - Jurmala Golf Club &amp; Hotel<\/title>\n<meta name=\"robots\" content=\"index, follow, max-snippet:-1, max-image-preview:large, max-video-preview:-1\" \/>\n<link rel=\"canonical\" href=\"https:\/\/jurmalagolf.com\/lv\/special-offers\/10-spelu-karte\/\" \/>\n<meta property=\"og:locale\" content=\"lv_LV\" \/>\n<meta property=\"og:type\" content=\"article\" \/>\n<meta property=\"og:title\" content=\"10 sp\u0113\u013cu karte - Jurmala Golf Club &amp; Hotel\" \/>\n<meta property=\"og:description\" content=\"10 raundi m\u016bsu galvenaj\u0101 laukum\u0101, k\u0101 ar\u012b 50 bumbi\u0146as. Golfa sp\u0113l\u0113t\u0101ja sap\u0146u dar\u012bjums, kas nodro\u0161ina labu sp\u0113li par nelielu samaksu.\" \/>\n<meta property=\"og:url\" content=\"https:\/\/jurmalagolf.com\/lv\/special-offers\/10-spelu-karte\/\" \/>\n<meta property=\"og:site_name\" content=\"Jurmala Golf Club &amp; Hotel\" \/>\n<meta property=\"article:modified_time\" content=\"2023-09-27T09:21:42+00:00\" \/>\n<meta property=\"og:image\" content=\"https:\/\/jurmalagolf.com\/wp-content\/uploads\/2023\/08\/Foto-Martins-Plume-31.webp\" \/>\n\t<meta property=\"og:image:width\" content=\"1469\" \/>\n\t<meta property=\"og:image:height\" content=\"1100\" \/>\n\t<meta property=\"og:image:type\" content=\"image\/webp\" \/>\n<meta name=\"twitter:card\" content=\"summary_large_image\" \/>\n<script type=\"application\/ld+json\" class=\"yoast-schema-graph\">{\"@context\":\"https:\\\/\\\/schema.org\",\"@graph\":[{\"@type\":\"WebPage\",\"@id\":\"https:\\\/\\\/jurmalagolf.com\\\/lv\\\/special-offers\\\/10-spelu-karte\\\/\",\"url\":\"https:\\\/\\\/jurmalagolf.com\\\/lv\\\/special-offers\\\/10-spelu-karte\\\/\",\"name\":\"10 sp\u0113\u013cu karte - Jurmala Golf Club &amp; Hotel\",\"isPartOf\":{\"@id\":\"https:\\\/\\\/jurmalagolf.com\\\/lv\\\/#website\"},\"primaryImageOfPage\":{\"@id\":\"https:\\\/\\\/jurmalagolf.com\\\/lv\\\/special-offers\\\/10-spelu-karte\\\/#primaryimage\"},\"image\":{\"@id\":\"https:\\\/\\\/jurmalagolf.com\\\/lv\\\/special-offers\\\/10-spelu-karte\\\/#primaryimage\"},\"thumbnailUrl\":\"https:\\\/\\\/jurmalagolf.com\\\/wp-content\\\/uploads\\\/2023\\\/08\\\/Foto-Martins-Plume-31.webp\",\"datePublished\":\"2023-09-27T07:58:25+00:00\",\"dateModified\":\"2023-09-27T09:21:42+00:00\",\"breadcrumb\":{\"@id\":\"https:\\\/\\\/jurmalagolf.com\\\/lv\\\/special-offers\\\/10-spelu-karte\\\/#breadcrumb\"},\"inLanguage\":\"lv-LV\",\"potentialAction\":[{\"@type\":\"ReadAction\",\"target\":[\"https:\\\/\\\/jurmalagolf.com\\\/lv\\\/special-offers\\\/10-spelu-karte\\\/\"]}]},{\"@type\":\"ImageObject\",\"inLanguage\":\"lv-LV\",\"@id\":\"https:\\\/\\\/jurmalagolf.com\\\/lv\\\/special-offers\\\/10-spelu-karte\\\/#primaryimage\",\"url\":\"https:\\\/\\\/jurmalagolf.com\\\/wp-content\\\/uploads\\\/2023\\\/08\\\/Foto-Martins-Plume-31.webp\",\"contentUrl\":\"https:\\\/\\\/jurmalagolf.com\\\/wp-content\\\/uploads\\\/2023\\\/08\\\/Foto-Martins-Plume-31.webp\",\"width\":1469,\"height\":1100},{\"@type\":\"BreadcrumbList\",\"@id\":\"https:\\\/\\\/jurmalagolf.com\\\/lv\\\/special-offers\\\/10-spelu-karte\\\/#breadcrumb\",\"itemListElement\":[{\"@type\":\"ListItem\",\"position\":1,\"name\":\"Home\",\"item\":\"https:\\\/\\\/jurmalagolf.com\\\/lv\\\/\"},{\"@type\":\"ListItem\",\"position\":2,\"name\":\"Products\",\"item\":\"https:\\\/\\\/jurmalagolf.com\\\/lv\\\/shop\\\/\"},{\"@type\":\"ListItem\",\"position\":3,\"name\":\"10 sp\u0113\u013cu karte\"}]},{\"@type\":\"WebSite\",\"@id\":\"https:\\\/\\\/jurmalagolf.com\\\/lv\\\/#website\",\"url\":\"https:\\\/\\\/jurmalagolf.com\\\/lv\\\/\",\"name\":\"Jurmala Golf Club &amp; Hotel\",\"description\":\"\",\"publisher\":{\"@id\":\"https:\\\/\\\/jurmalagolf.com\\\/lv\\\/#organization\"},\"potentialAction\":[{\"@type\":\"SearchAction\",\"target\":{\"@type\":\"EntryPoint\",\"urlTemplate\":\"https:\\\/\\\/jurmalagolf.com\\\/lv\\\/?s={search_term_string}\"},\"query-input\":{\"@type\":\"PropertyValueSpecification\",\"valueRequired\":true,\"valueName\":\"search_term_string\"}}],\"inLanguage\":\"lv-LV\"},{\"@type\":\"Organization\",\"@id\":\"https:\\\/\\\/jurmalagolf.com\\\/lv\\\/#organization\",\"name\":\"Jurmala Golf Club &amp; Hotel\",\"url\":\"https:\\\/\\\/jurmalagolf.com\\\/lv\\\/\",\"logo\":{\"@type\":\"ImageObject\",\"inLanguage\":\"lv-LV\",\"@id\":\"https:\\\/\\\/jurmalagolf.com\\\/lv\\\/#\\\/schema\\\/logo\\\/image\\\/\",\"url\":\"https:\\\/\\\/jurmalagolf.com\\\/wp-content\\\/uploads\\\/2023\\\/07\\\/JGCH_logo_gold-copy.png\",\"contentUrl\":\"https:\\\/\\\/jurmalagolf.com\\\/wp-content\\\/uploads\\\/2023\\\/07\\\/JGCH_logo_gold-copy.png\",\"width\":2095,\"height\":953,\"caption\":\"Jurmala Golf Club &amp; Hotel\"},\"image\":{\"@id\":\"https:\\\/\\\/jurmalagolf.com\\\/lv\\\/#\\\/schema\\\/logo\\\/image\\\/\"}}]}<\/script>\n<!-- \/ Yoast SEO plugin. -->","yoast_head_json":{"title":"10 sp\u0113\u013cu karte - Jurmala Golf Club &amp; Hotel","robots":{"index":"index","follow":"follow","max-snippet":"max-snippet:-1","max-image-preview":"max-image-preview:large","max-video-preview":"max-video-preview:-1"},"canonical":"https:\/\/jurmalagolf.com\/lv\/special-offers\/10-spelu-karte\/","og_locale":"lv_LV","og_type":"article","og_title":"10 sp\u0113\u013cu karte - Jurmala Golf Club &amp; Hotel","og_description":"10 raundi m\u016bsu galvenaj\u0101 laukum\u0101, k\u0101 ar\u012b 50 bumbi\u0146as. Golfa sp\u0113l\u0113t\u0101ja sap\u0146u dar\u012bjums, kas nodro\u0161ina labu sp\u0113li par nelielu samaksu.","og_url":"https:\/\/jurmalagolf.com\/lv\/special-offers\/10-spelu-karte\/","og_site_name":"Jurmala Golf Club &amp; Hotel","article_modified_time":"2023-09-27T09:21:42+00:00","og_image":[{"width":1469,"height":1100,"url":"https:\/\/jurmalagolf.com\/wp-content\/uploads\/2023\/08\/Foto-Martins-Plume-31.webp","type":"image\/webp"}],"twitter_card":"summary_large_image","schema":{"@context":"https:\/\/schema.org","@graph":[{"@type":"WebPage","@id":"https:\/\/jurmalagolf.com\/lv\/special-offers\/10-spelu-karte\/","url":"https:\/\/jurmalagolf.com\/lv\/special-offers\/10-spelu-karte\/","name":"10 sp\u0113\u013cu karte - Jurmala Golf Club &amp; Hotel","isPartOf":{"@id":"https:\/\/jurmalagolf.com\/lv\/#website"},"primaryImageOfPage":{"@id":"https:\/\/jurmalagolf.com\/lv\/special-offers\/10-spelu-karte\/#primaryimage"},"image":{"@id":"https:\/\/jurmalagolf.com\/lv\/special-offers\/10-spelu-karte\/#primaryimage"},"thumbnailUrl":"https:\/\/jurmalagolf.com\/wp-content\/uploads\/2023\/08\/Foto-Martins-Plume-31.webp","datePublished":"2023-09-27T07:58:25+00:00","dateModified":"2023-09-27T09:21:42+00:00","breadcrumb":{"@id":"https:\/\/jurmalagolf.com\/lv\/special-offers\/10-spelu-karte\/#breadcrumb"},"inLanguage":"lv-LV","potentialAction":[{"@type":"ReadAction","target":["https:\/\/jurmalagolf.com\/lv\/special-offers\/10-spelu-karte\/"]}]},{"@type":"ImageObject","inLanguage":"lv-LV","@id":"https:\/\/jurmalagolf.com\/lv\/special-offers\/10-spelu-karte\/#primaryimage","url":"https:\/\/jurmalagolf.com\/wp-content\/uploads\/2023\/08\/Foto-Martins-Plume-31.webp","contentUrl":"https:\/\/jurmalagolf.com\/wp-content\/uploads\/2023\/08\/Foto-Martins-Plume-31.webp","width":1469,"height":1100},{"@type":"BreadcrumbList","@id":"https:\/\/jurmalagolf.com\/lv\/special-offers\/10-spelu-karte\/#breadcrumb","itemListElement":[{"@type":"ListItem","position":1,"name":"Home","item":"https:\/\/jurmalagolf.com\/lv\/"},{"@type":"ListItem","position":2,"name":"Products","item":"https:\/\/jurmalagolf.com\/lv\/shop\/"},{"@type":"ListItem","position":3,"name":"10 sp\u0113\u013cu karte"}]},{"@type":"WebSite","@id":"https:\/\/jurmalagolf.com\/lv\/#website","url":"https:\/\/jurmalagolf.com\/lv\/","name":"Jurmala Golf Club &amp; Hotel","description":"","publisher":{"@id":"https:\/\/jurmalagolf.com\/lv\/#organization"},"potentialAction":[{"@type":"SearchAction","target":{"@type":"EntryPoint","urlTemplate":"https:\/\/jurmalagolf.com\/lv\/?s={search_term_string}"},"query-input":{"@type":"PropertyValueSpecification","valueRequired":true,"valueName":"search_term_string"}}],"inLanguage":"lv-LV"},{"@type":"Organization","@id":"https:\/\/jurmalagolf.com\/lv\/#organization","name":"Jurmala Golf Club &amp; Hotel","url":"https:\/\/jurmalagolf.com\/lv\/","logo":{"@type":"ImageObject","inLanguage":"lv-LV","@id":"https:\/\/jurmalagolf.com\/lv\/#\/schema\/logo\/image\/","url":"https:\/\/jurmalagolf.com\/wp-content\/uploads\/2023\/07\/JGCH_logo_gold-copy.png","contentUrl":"https:\/\/jurmalagolf.com\/wp-content\/uploads\/2023\/07\/JGCH_logo_gold-copy.png","width":2095,"height":953,"caption":"Jurmala Golf Club &amp; Hotel"},"image":{"@id":"https:\/\/jurmalagolf.com\/lv\/#\/schema\/logo\/image\/"}}]}},"_links":{"self":[{"href":"https:\/\/jurmalagolf.com\/lv\/wp-json\/wp\/v2\/product\/3327","targetHints":{"allow":["GET"]}}],"collection":[{"href":"https:\/\/jurmalagolf.com\/lv\/wp-json\/wp\/v2\/product"}],"about":[{"href":"https:\/\/jurmalagolf.com\/lv\/wp-json\/wp\/v2\/types\/product"}],"version-history":[{"count":1,"href":"https:\/\/jurmalagolf.com\/lv\/wp-json\/wp\/v2\/product\/3327\/revisions"}],"predecessor-version":[{"id":3338,"href":"https:\/\/jurmalagolf.com\/lv\/wp-json\/wp\/v2\/product\/3327\/revisions\/3338"}],"wp:featuredmedia":[{"embeddable":true,"href":"https:\/\/jurmalagolf.com\/lv\/wp-json\/wp\/v2\/media\/2467"}],"wp:attachment":[{"href":"https:\/\/jurmalagolf.com\/lv\/wp-json\/wp\/v2\/media?parent=3327"}],"wp:term":[{"taxonomy":"product_brand","embeddable":true,"href":"https:\/\/jurmalagolf.com\/lv\/wp-json\/wp\/v2\/product_brand?post=3327"},{"taxonomy":"product_cat","embeddable":true,"href":"https:\/\/jurmalagolf.com\/lv\/wp-json\/wp\/v2\/product_cat?post=3327"},{"taxonomy":"product_tag","embeddable":true,"href":"https:\/\/jurmalagolf.com\/lv\/wp-json\/wp\/v2\/product_tag?post=3327"}],"curies":[{"name":"wp","href":"https:\/\/api.w.org\/{rel}","templated":true}]}}