{"id":6596,"date":"2026-01-09T13:49:42","date_gmt":"2026-01-09T10:49:42","guid":{"rendered":"https:\/\/jurmalagolf.com\/davanu-kartes-iegades-un-lietosanas-noteikumi\/"},"modified":"2026-01-09T14:10:27","modified_gmt":"2026-01-09T11:10:27","slug":"davanu-kartes-iegades-un-lietosanas-noteikumi","status":"publish","type":"page","link":"https:\/\/jurmalagolf.com\/lv\/davanu-kartes-iegades-un-lietosanas-noteikumi\/","title":{"rendered":"D\u0101vanu kartes ieg\u0101des un lieto\u0161anas noteikumi"},"content":{"rendered":"\t\t<div data-elementor-type=\"wp-page\" data-elementor-id=\"6596\" class=\"elementor elementor-6596 elementor-6591\" data-elementor-post-type=\"page\">\n\t\t\t\t<div class=\"elementor-element elementor-element-ca58188 e-flex e-con-boxed e-con e-parent\" data-id=\"ca58188\" data-element_type=\"container\" data-e-type=\"container\" data-settings=\"{&quot;background_background&quot;:&quot;classic&quot;}\">\n\t\t\t\t\t<div class=\"e-con-inner\">\n\t\t\t\t<div class=\"elementor-element elementor-element-83b460c elementor-widget elementor-widget-heading\" data-id=\"83b460c\" data-element_type=\"widget\" data-e-type=\"widget\" data-widget_type=\"heading.default\">\n\t\t\t\t<div class=\"elementor-widget-container\">\n\t\t\t\t\t<h1 class=\"elementor-heading-title elementor-size-default\">D\u0101vanu kartes ieg\u0101des un lieto\u0161anas noteikumi<\/h1>\t\t\t\t<\/div>\n\t\t\t\t<\/div>\n\t\t\t\t\t<\/div>\n\t\t\t\t<\/div>\n\t\t<div class=\"elementor-element elementor-element-4f7a31a7 e-flex e-con-boxed e-con e-parent\" data-id=\"4f7a31a7\" data-element_type=\"container\" data-e-type=\"container\">\n\t\t\t\t\t<div class=\"e-con-inner\">\n\t\t\t\t<div class=\"elementor-element elementor-element-13b20451 elementor-widget elementor-widget-text-editor\" data-id=\"13b20451\" data-element_type=\"widget\" data-e-type=\"widget\" data-widget_type=\"text-editor.default\">\n\t\t\t\t<div class=\"elementor-widget-container\">\n\t\t\t\t\t\t\t\t\t<h2>1. Visp\u0101r\u012bgie noteikumi<\/h2><p>1.1. D\u0101vanu karte ir SIA &#8220;GRM&#8221; \u012bpa\u0161ums l\u012bdz t\u0101s piln\u012bgai atpre\u010do\u0161anai.<br \/>1.2. D\u0101vanu kartes izmanto\u0161ana noz\u012bm\u0113, ka klients ir iepazinies ar \u0161iem noteikumiem un tiem piekr\u012bt<\/p><h2>2. Der\u012bguma termi\u0146\u0161 un izmanto\u0161ana<\/h2><p>2.1. D\u0101vanu karte ir der\u012bga 1 gadu no ieg\u0101des br\u012b\u017ea<br \/>2.2. Kartes der\u012bguma termi\u0146\u0161 nav pagarin\u0101ms, iz\u0146emot gad\u012bjumus, kas aprakst\u012bti 6. punkt\u0101.<br \/>2.3. Kartes v\u0113rt\u012bba ir nor\u0101d\u012bta d\u0101vanu kartes aploksn\u0113.<br \/>2.4. D\u0101vanu karti var atpre\u010dot vair\u0101kos pirkumos, l\u012bdz kartes v\u0113rt\u012bba ir piln\u012bb\u0101 izlietota.<\/p><h2>3. D\u0101vanu kartes atpre\u010do\u0161ana<\/h2><p>3.1. D\u0101vanu karti var izmantot nor\u0113\u0137iniem par SIA \u201cGRM\u201d \u2013 Jurmala Golf Club &amp; Hotel un restor\u0101na \u201cHIO\u201d sniegtajiem pakalpojumiem un prec\u0113m Golfa iel\u0101 1, Pi\u0146\u0137os<br \/>3.2. D\u0101vanu karti nav iesp\u0113jams izmantot LuxGolf Pro Shop veikal\u0101<br \/>3.3. Ar d\u0101vanu karti nav iesp\u0113jams ieg\u0101d\u0101ties jaunu d\u0101vanu karti.<br \/>3.4. D\u0101vanu karte j\u0101atpre\u010do kl\u0101tien\u0113 Jurmala Golf Club &amp; Hotel<\/p><h2>4. Nor\u0113\u0137inu k\u0101rt\u012bba<\/h2><p>4.1. Ja pirkuma summa p\u0101rsniedz d\u0101vanu kartes atlikumu, starp\u012bbu iesp\u0113jams samaks\u0101t ar citu nor\u0113\u0137inu metodi.<br \/>4.2. Ja pirkuma summa ir maz\u0101ka par kartes atlikumu, neizmantot\u0101 summa paliek kart\u0113 l\u012bdz n\u0101kamajam pirkumam.<br \/>4.3. Par d\u0101vanu karti netiek izsniegta nauda, ne piln\u0101 apm\u0113r\u0101, ne da\u013c\u0113ji.<\/p><h2>5. Kartes nozaud\u0113\u0161ana vai boj\u0101\u0161ana<\/h2><p>5.1. Nozaud\u0113tas, boj\u0101tas vai saboj\u0101tas d\u0101vanu kartes netiek atjaunotas un to atlikums netiek atl\u012bdzin\u0101ts.<br \/>5.2. Klientam ir pien\u0101kums glab\u0101t karti dro\u0161\u0101 viet\u0101 l\u012bdz atpre\u010do\u0161anai<\/p><h2>6. D\u0101vanu kar\u0161u pagarin\u0101\u0161ana<\/h2><p>6.1. D\u0101vanu karti ir iesp\u0113jams pagarin\u0101t ne v\u0113l\u0101k k\u0101 3 m\u0113ne\u0161us p\u0113c kartes der\u012bguma termi\u0146a beig\u0101m.<br \/>6.2. Karti iesp\u0113jams pagarin\u0101t uz periodu ne ilg\u0101ku par 6 m\u0113ne\u0161iem, un pagarin\u0101\u0161anu var veikt tikai vienu reizi.<br \/>6.3. D\u0101vanu kartes pagarin\u0101\u0161ana ir maksas pakalpojums \u2014 10,00 EUR (t.sk. PVN 21%).<br \/>6.4. Par iesp\u0113ju pagarin\u0101t d\u0101vanu karti klientam j\u0101sazin\u0101s, rakstot uz info@jurmalagolf.com vai zvanot uz +371 6716 0300<br \/>6.5. Pagarin\u0101\u0161ana tiek veikta p\u0113c pagarin\u0101\u0161anas apmaksas veik\u0161anas un karti iesp\u0113jams pagarin\u0101t tikai kl\u0101tien\u0113 SIA GRM \u201cJurmala Golf Club &amp; Hotel\u201d recepcij\u0101<\/p><h2>7. Citi noteikumi<\/h2><p>7.1. SIA &#8220;GRM&#8221; patur ties\u012bbas main\u012bt D\u0101vanu kar\u0161u izmanto\u0161anas noteikumus, tos public\u0113jot uz\u0146\u0113muma ofici\u0101laj\u0101 m\u0101jaslap\u0101 www.jurmalagolf.com<br \/>7.2. Str\u012bdu gad\u012bjum\u0101 priek\u0161roka ir pie\u0161\u0137irama noteikumu jaun\u0101kajai aktu\u0101lajai versijai.<\/p>\t\t\t\t\t\t\t\t<\/div>\n\t\t\t\t<\/div>\n\t\t\t\t\t<\/div>\n\t\t\t\t<\/div>\n\t\t\t\t<\/div>\n\t\t","protected":false},"excerpt":{"rendered":"<p>1. Visp\u0101r\u012bgie noteikumi 1.1. D\u0101vanu karte ir SIA &#8220;GRM&#8221; \u012bpa\u0161ums l\u012bdz t\u0101s piln\u012bgai atpre\u010do\u0161anai.1.2. D\u0101vanu kartes izmanto\u0161ana noz\u012bm\u0113, ka klients ir iepazinies ar \u0161iem noteikumiem un tiem piekr\u012bt 2. Der\u012bguma termi\u0146\u0161 un izmanto\u0161ana 2.1. D\u0101vanu karte ir der\u012bga 1 gadu no ieg\u0101des br\u012b\u017ea2.2. Kartes der\u012bguma termi\u0146\u0161 nav pagarin\u0101ms, iz\u0146emot gad\u012bjumus, kas aprakst\u012bti 6. punkt\u0101.2.3. Kartes [&hellip;]<\/p>\n","protected":false},"author":1,"featured_media":0,"parent":0,"menu_order":0,"comment_status":"closed","ping_status":"closed","template":"","meta":{"inline_featured_image":false,"footnotes":""},"class_list":["post-6596","page","type-page","status-publish","hentry"],"yoast_head":"<!-- This site is optimized with the Yoast SEO plugin v27.4 - https:\/\/yoast.com\/product\/yoast-seo-wordpress\/ -->\n<title>D\u0101vanu kartes ieg\u0101des un lieto\u0161anas noteikumi - Jurmala Golf Club &amp; Hotel<\/title>\n<meta name=\"robots\" content=\"index, follow, max-snippet:-1, max-image-preview:large, max-video-preview:-1\" \/>\n<link rel=\"canonical\" href=\"https:\/\/jurmalagolf.com\/lv\/davanu-kartes-iegades-un-lietosanas-noteikumi\/\" \/>\n<meta property=\"og:locale\" content=\"lv_LV\" \/>\n<meta property=\"og:type\" content=\"article\" \/>\n<meta property=\"og:title\" content=\"D\u0101vanu kartes ieg\u0101des un lieto\u0161anas noteikumi - Jurmala Golf Club &amp; Hotel\" \/>\n<meta property=\"og:description\" content=\"1. Visp\u0101r\u012bgie noteikumi 1.1. D\u0101vanu karte ir SIA &#8220;GRM&#8221; \u012bpa\u0161ums l\u012bdz t\u0101s piln\u012bgai atpre\u010do\u0161anai.1.2. D\u0101vanu kartes izmanto\u0161ana noz\u012bm\u0113, ka klients ir iepazinies ar \u0161iem noteikumiem un tiem piekr\u012bt 2. Der\u012bguma termi\u0146\u0161 un izmanto\u0161ana 2.1. D\u0101vanu karte ir der\u012bga 1 gadu no ieg\u0101des br\u012b\u017ea2.2. Kartes der\u012bguma termi\u0146\u0161 nav pagarin\u0101ms, iz\u0146emot gad\u012bjumus, kas aprakst\u012bti 6. punkt\u0101.2.3. Kartes [&hellip;]\" \/>\n<meta property=\"og:url\" content=\"https:\/\/jurmalagolf.com\/lv\/davanu-kartes-iegades-un-lietosanas-noteikumi\/\" \/>\n<meta property=\"og:site_name\" content=\"Jurmala Golf Club &amp; Hotel\" \/>\n<meta property=\"article:modified_time\" content=\"2026-01-09T11:10:27+00:00\" \/>\n<meta name=\"twitter:card\" content=\"summary_large_image\" \/>\n<meta name=\"twitter:label1\" content=\"Est. reading time\" \/>\n\t<meta name=\"twitter:data1\" content=\"2 minutes\" \/>\n<script type=\"application\/ld+json\" class=\"yoast-schema-graph\">{\"@context\":\"https:\\\/\\\/schema.org\",\"@graph\":[{\"@type\":\"WebPage\",\"@id\":\"https:\\\/\\\/jurmalagolf.com\\\/lv\\\/davanu-kartes-iegades-un-lietosanas-noteikumi\\\/\",\"url\":\"https:\\\/\\\/jurmalagolf.com\\\/lv\\\/davanu-kartes-iegades-un-lietosanas-noteikumi\\\/\",\"name\":\"D\u0101vanu kartes ieg\u0101des un lieto\u0161anas noteikumi - Jurmala Golf Club &amp; Hotel\",\"isPartOf\":{\"@id\":\"https:\\\/\\\/jurmalagolf.com\\\/lv\\\/#website\"},\"datePublished\":\"2026-01-09T10:49:42+00:00\",\"dateModified\":\"2026-01-09T11:10:27+00:00\",\"breadcrumb\":{\"@id\":\"https:\\\/\\\/jurmalagolf.com\\\/lv\\\/davanu-kartes-iegades-un-lietosanas-noteikumi\\\/#breadcrumb\"},\"inLanguage\":\"lv-LV\",\"potentialAction\":[{\"@type\":\"ReadAction\",\"target\":[\"https:\\\/\\\/jurmalagolf.com\\\/lv\\\/davanu-kartes-iegades-un-lietosanas-noteikumi\\\/\"]}]},{\"@type\":\"BreadcrumbList\",\"@id\":\"https:\\\/\\\/jurmalagolf.com\\\/lv\\\/davanu-kartes-iegades-un-lietosanas-noteikumi\\\/#breadcrumb\",\"itemListElement\":[{\"@type\":\"ListItem\",\"position\":1,\"name\":\"Home\",\"item\":\"https:\\\/\\\/jurmalagolf.com\\\/lv\\\/\"},{\"@type\":\"ListItem\",\"position\":2,\"name\":\"D\u0101vanu kartes ieg\u0101des un lieto\u0161anas noteikumi\"}]},{\"@type\":\"WebSite\",\"@id\":\"https:\\\/\\\/jurmalagolf.com\\\/lv\\\/#website\",\"url\":\"https:\\\/\\\/jurmalagolf.com\\\/lv\\\/\",\"name\":\"Jurmala Golf Club &amp; Hotel\",\"description\":\"\",\"publisher\":{\"@id\":\"https:\\\/\\\/jurmalagolf.com\\\/lv\\\/#organization\"},\"potentialAction\":[{\"@type\":\"SearchAction\",\"target\":{\"@type\":\"EntryPoint\",\"urlTemplate\":\"https:\\\/\\\/jurmalagolf.com\\\/lv\\\/?s={search_term_string}\"},\"query-input\":{\"@type\":\"PropertyValueSpecification\",\"valueRequired\":true,\"valueName\":\"search_term_string\"}}],\"inLanguage\":\"lv-LV\"},{\"@type\":\"Organization\",\"@id\":\"https:\\\/\\\/jurmalagolf.com\\\/lv\\\/#organization\",\"name\":\"Jurmala Golf Club &amp; Hotel\",\"url\":\"https:\\\/\\\/jurmalagolf.com\\\/lv\\\/\",\"logo\":{\"@type\":\"ImageObject\",\"inLanguage\":\"lv-LV\",\"@id\":\"https:\\\/\\\/jurmalagolf.com\\\/lv\\\/#\\\/schema\\\/logo\\\/image\\\/\",\"url\":\"https:\\\/\\\/jurmalagolf.com\\\/wp-content\\\/uploads\\\/2023\\\/07\\\/JGCH_logo_gold-copy.png\",\"contentUrl\":\"https:\\\/\\\/jurmalagolf.com\\\/wp-content\\\/uploads\\\/2023\\\/07\\\/JGCH_logo_gold-copy.png\",\"width\":2095,\"height\":953,\"caption\":\"Jurmala Golf Club &amp; Hotel\"},\"image\":{\"@id\":\"https:\\\/\\\/jurmalagolf.com\\\/lv\\\/#\\\/schema\\\/logo\\\/image\\\/\"}}]}<\/script>\n<!-- \/ Yoast SEO plugin. -->","yoast_head_json":{"title":"D\u0101vanu kartes ieg\u0101des un lieto\u0161anas noteikumi - Jurmala Golf Club &amp; Hotel","robots":{"index":"index","follow":"follow","max-snippet":"max-snippet:-1","max-image-preview":"max-image-preview:large","max-video-preview":"max-video-preview:-1"},"canonical":"https:\/\/jurmalagolf.com\/lv\/davanu-kartes-iegades-un-lietosanas-noteikumi\/","og_locale":"lv_LV","og_type":"article","og_title":"D\u0101vanu kartes ieg\u0101des un lieto\u0161anas noteikumi - Jurmala Golf Club &amp; Hotel","og_description":"1. Visp\u0101r\u012bgie noteikumi 1.1. D\u0101vanu karte ir SIA &#8220;GRM&#8221; \u012bpa\u0161ums l\u012bdz t\u0101s piln\u012bgai atpre\u010do\u0161anai.1.2. D\u0101vanu kartes izmanto\u0161ana noz\u012bm\u0113, ka klients ir iepazinies ar \u0161iem noteikumiem un tiem piekr\u012bt 2. Der\u012bguma termi\u0146\u0161 un izmanto\u0161ana 2.1. D\u0101vanu karte ir der\u012bga 1 gadu no ieg\u0101des br\u012b\u017ea2.2. Kartes der\u012bguma termi\u0146\u0161 nav pagarin\u0101ms, iz\u0146emot gad\u012bjumus, kas aprakst\u012bti 6. punkt\u0101.2.3. Kartes [&hellip;]","og_url":"https:\/\/jurmalagolf.com\/lv\/davanu-kartes-iegades-un-lietosanas-noteikumi\/","og_site_name":"Jurmala Golf Club &amp; Hotel","article_modified_time":"2026-01-09T11:10:27+00:00","twitter_card":"summary_large_image","twitter_misc":{"Est. reading time":"2 minutes"},"schema":{"@context":"https:\/\/schema.org","@graph":[{"@type":"WebPage","@id":"https:\/\/jurmalagolf.com\/lv\/davanu-kartes-iegades-un-lietosanas-noteikumi\/","url":"https:\/\/jurmalagolf.com\/lv\/davanu-kartes-iegades-un-lietosanas-noteikumi\/","name":"D\u0101vanu kartes ieg\u0101des un lieto\u0161anas noteikumi - Jurmala Golf Club &amp; Hotel","isPartOf":{"@id":"https:\/\/jurmalagolf.com\/lv\/#website"},"datePublished":"2026-01-09T10:49:42+00:00","dateModified":"2026-01-09T11:10:27+00:00","breadcrumb":{"@id":"https:\/\/jurmalagolf.com\/lv\/davanu-kartes-iegades-un-lietosanas-noteikumi\/#breadcrumb"},"inLanguage":"lv-LV","potentialAction":[{"@type":"ReadAction","target":["https:\/\/jurmalagolf.com\/lv\/davanu-kartes-iegades-un-lietosanas-noteikumi\/"]}]},{"@type":"BreadcrumbList","@id":"https:\/\/jurmalagolf.com\/lv\/davanu-kartes-iegades-un-lietosanas-noteikumi\/#breadcrumb","itemListElement":[{"@type":"ListItem","position":1,"name":"Home","item":"https:\/\/jurmalagolf.com\/lv\/"},{"@type":"ListItem","position":2,"name":"D\u0101vanu kartes ieg\u0101des un lieto\u0161anas noteikumi"}]},{"@type":"WebSite","@id":"https:\/\/jurmalagolf.com\/lv\/#website","url":"https:\/\/jurmalagolf.com\/lv\/","name":"Jurmala Golf Club &amp; Hotel","description":"","publisher":{"@id":"https:\/\/jurmalagolf.com\/lv\/#organization"},"potentialAction":[{"@type":"SearchAction","target":{"@type":"EntryPoint","urlTemplate":"https:\/\/jurmalagolf.com\/lv\/?s={search_term_string}"},"query-input":{"@type":"PropertyValueSpecification","valueRequired":true,"valueName":"search_term_string"}}],"inLanguage":"lv-LV"},{"@type":"Organization","@id":"https:\/\/jurmalagolf.com\/lv\/#organization","name":"Jurmala Golf Club &amp; Hotel","url":"https:\/\/jurmalagolf.com\/lv\/","logo":{"@type":"ImageObject","inLanguage":"lv-LV","@id":"https:\/\/jurmalagolf.com\/lv\/#\/schema\/logo\/image\/","url":"https:\/\/jurmalagolf.com\/wp-content\/uploads\/2023\/07\/JGCH_logo_gold-copy.png","contentUrl":"https:\/\/jurmalagolf.com\/wp-content\/uploads\/2023\/07\/JGCH_logo_gold-copy.png","width":2095,"height":953,"caption":"Jurmala Golf Club &amp; Hotel"},"image":{"@id":"https:\/\/jurmalagolf.com\/lv\/#\/schema\/logo\/image\/"}}]}},"_links":{"self":[{"href":"https:\/\/jurmalagolf.com\/lv\/wp-json\/wp\/v2\/pages\/6596","targetHints":{"allow":["GET"]}}],"collection":[{"href":"https:\/\/jurmalagolf.com\/lv\/wp-json\/wp\/v2\/pages"}],"about":[{"href":"https:\/\/jurmalagolf.com\/lv\/wp-json\/wp\/v2\/types\/page"}],"author":[{"embeddable":true,"href":"https:\/\/jurmalagolf.com\/lv\/wp-json\/wp\/v2\/users\/1"}],"replies":[{"embeddable":true,"href":"https:\/\/jurmalagolf.com\/lv\/wp-json\/wp\/v2\/comments?post=6596"}],"version-history":[{"count":6,"href":"https:\/\/jurmalagolf.com\/lv\/wp-json\/wp\/v2\/pages\/6596\/revisions"}],"predecessor-version":[{"id":6603,"href":"https:\/\/jurmalagolf.com\/lv\/wp-json\/wp\/v2\/pages\/6596\/revisions\/6603"}],"wp:attachment":[{"href":"https:\/\/jurmalagolf.com\/lv\/wp-json\/wp\/v2\/media?parent=6596"}],"curies":[{"name":"wp","href":"https:\/\/api.w.org\/{rel}","templated":true}]}}